{"id":481,"date":"2020-12-07T07:45:42","date_gmt":"2020-12-07T07:45:42","guid":{"rendered":"http:\/\/cadforwarding.com\/incotermes\/"},"modified":"2021-01-20T17:00:20","modified_gmt":"2021-01-20T17:00:20","slug":"incotermes","status":"publish","type":"page","link":"https:\/\/cadforwarding.com\/fr\/incotermes\/","title":{"rendered":"incotermes"},"content":{"rendered":"\t\t<div data-elementor-type=\"wp-page\" data-elementor-id=\"481\" class=\"elementor elementor-481 elementor-461\" data-elementor-settings=\"[]\">\n\t\t\t\t\t\t\t<div class=\"elementor-section-wrap\">\n\t\t\t\t\t\t\t<header class=\"elementor-section elementor-top-section elementor-element elementor-element-404a5e9 elementor-section-height-min-height elementor-section-boxed elementor-section-height-default elementor-section-items-middle\" data-id=\"404a5e9\" data-element_type=\"section\" data-settings=\"{&quot;background_background&quot;:&quot;classic&quot;}\">\n\t\t\t\t\t\t\t<div class=\"elementor-background-overlay\"><\/div>\n\t\t\t\t\t\t\t<div class=\"elementor-container elementor-column-gap-default\">\n\t\t\t\t\t<div class=\"elementor-column elementor-col-100 elementor-top-column elementor-element elementor-element-d12112c\" data-id=\"d12112c\" data-element_type=\"column\">\n\t\t\t<div class=\"elementor-widget-wrap elementor-element-populated\">\n\t\t\t\t\t\t\t\t<div class=\"elementor-element elementor-element-5221256 elementor-widget elementor-widget-heading\" data-id=\"5221256\" data-element_type=\"widget\" data-widget_type=\"heading.default\">\n\t\t\t\t<div class=\"elementor-widget-container\">\n\t\t\t<h1 class=\"elementor-heading-title elementor-size-default\">incotermes<\/h1>\t\t<\/div>\n\t\t\t\t<\/div>\n\t\t\t\t\t<\/div>\n\t\t<\/div>\n\t\t\t\t\t\t\t<\/div>\n\t\t<\/header>\n\t\t\t\t<section class=\"elementor-section elementor-top-section elementor-element elementor-element-7ce97a3 elementor-section-boxed elementor-section-height-default elementor-section-height-default\" data-id=\"7ce97a3\" data-element_type=\"section\">\n\t\t\t\t\t\t<div class=\"elementor-container elementor-column-gap-default\">\n\t\t\t\t\t<div class=\"elementor-column elementor-col-100 elementor-top-column elementor-element elementor-element-3f56062\" data-id=\"3f56062\" data-element_type=\"column\">\n\t\t\t<div class=\"elementor-widget-wrap elementor-element-populated\">\n\t\t\t\t\t\t\t\t<div class=\"elementor-element elementor-element-32f0ee9 elementor-widget elementor-widget-image\" data-id=\"32f0ee9\" data-element_type=\"widget\" data-widget_type=\"image.default\">\n\t\t\t\t<div class=\"elementor-widget-container\">\n\t\t\t\t\t\t\t\t\t\t\t\t\t\t\t<img width=\"800\" height=\"508\" src=\"https:\/\/cadforwarding.com\/wp-content\/uploads\/2020\/12\/Incoterms-2020.jpg\" class=\"attachment-large size-large\" alt=\"\" loading=\"lazy\" srcset=\"https:\/\/cadforwarding.com\/wp-content\/uploads\/2020\/12\/Incoterms-2020.jpg 1024w, https:\/\/cadforwarding.com\/wp-content\/uploads\/2020\/12\/Incoterms-2020-300x190.jpg 300w, https:\/\/cadforwarding.com\/wp-content\/uploads\/2020\/12\/Incoterms-2020-768x488.jpg 768w\" sizes=\"(max-width: 800px) 100vw, 800px\" \/>\t\t\t\t\t\t\t\t\t\t\t\t\t\t\t<\/div>\n\t\t\t\t<\/div>\n\t\t\t\t<div class=\"elementor-element elementor-element-937869a elementor-widget elementor-widget-text-editor\" data-id=\"937869a\" data-element_type=\"widget\" data-widget_type=\"text-editor.default\">\n\t\t\t\t<div class=\"elementor-widget-container\">\n\t\t\t\t\t\t\t\t<h2><strong><em>Les incotermes : <\/em><\/strong><\/h2>\n<p><em>Neuf ans apr\u00e8s la version 2010, la Chambre de Commerce Internationale (ICC) lan\u00e7ait par le biais d\u2019un communiqu\u00e9 de presse le 10 septembre 2019 la nouvelle \u00e9dition des Incoterms 2020. Cette mise \u00e0 jour entrera en vigueur le 1<sup>er<\/sup>&nbsp;janvier 2020.<\/em><\/p>\n<p><em>Contrairement aux \u00e9ditions pr\u00e9c\u00e9dentes, la version 2020 ne contient pas d\u2019\u00e9volution majeure.<\/em><\/p>\n<p><em>La volont\u00e9 de la Chambre de Commerce Internationale est de proposer un document plus facile \u00e0 comprendre et supprimer les doutes li\u00e9s \u00e0 l\u2019interpr\u00e9tation afin d\u2019apporter plus de clart\u00e9 et de compr\u00e9hension.&nbsp; Le nombre d\u2019Incoterms s\u2019\u00e9l\u00e8ve toujours \u00e0 11 avec leur classification entre \u00ab tout mode de transport \u00bb (multimodal) et ((maritime)).<\/em><\/p>\n<p><em>Les Incoterms 2020 sont toujours cat\u00e9goris\u00e9s en deux parties. Les Incoterms multimodaux qui&nbsp; utilise lorsque&nbsp; le transport couvre un ou plusieurs modes de transport (Air, Mer, Terre et Fer).et la deuxieme&nbsp; cat\u00e9gorie , g\u00e8re \u00e9galement le transport en conteneurs maritimes, lorsque la marchandise est remise au parc \u00e0 conteneurs. Les Incoterms Maritimes sont applicables quand les points d\u2019enl\u00e8vement et de livraison sont des ports.<\/em><\/p>\n<p><em>&nbsp;<\/em><\/p>\n<p><em>1-<strong>Les 7 r\u00e8gles applicables pour les transports multimodaux :<\/strong><\/em><\/p>\n<p><em>\uf0b7&nbsp; EXW&nbsp;\u2013&nbsp;Ex-Works \u2013 \u00c0 l\u2019usine<\/em><\/p>\n<p><em>\uf0b7&nbsp; FCA&nbsp;\u2013&nbsp;Free-CArrier&nbsp;\u2013 Franco-transporteur<\/em><\/p>\n<p><em>\uf0b7&nbsp; CPT&nbsp;\u2013&nbsp;&nbsp;Carriage Paid To&nbsp;\u2013 Port pay\u00e9 jusqu\u2019\u00e0<\/em><\/p>\n<p><em>\uf0b7&nbsp; CIP&nbsp;\u2013&nbsp;&nbsp;Carriage Insurance Paid to&nbsp;\u2013&nbsp;Port pay\u00e9, assurance comprise jusqu\u2019\u00e0<\/em><\/p>\n<p><em>\uf0b7&nbsp; DAP&nbsp;\u2013&nbsp;&nbsp;Delivered At Place&nbsp;\u2013&nbsp;Rendu au lieu de destination<\/em><\/p>\n<p><em>\uf0b7&nbsp; DPU \u2013 Delivered at Place Unloaded \u2013 Rendu au lieu de destination d\u00e9charg\u00e9 (ex Incoterm DAT)<\/em><\/p>\n<p><em>\uf0b7&nbsp; DDP&nbsp;\u2013&nbsp;&nbsp;Delivered Duty Paid&nbsp;\u2013&nbsp;Rendu droits acquitt\u00e9s<\/em><\/p>\n<p><em>&nbsp;<\/em><\/p>\n<p><em>2- <strong>Les 4 r\u00e8gles applicables pour les transports maritimes ou fluviaux<\/strong><\/em><\/p>\n<ul>\n<li><em>FAS&nbsp;\u2013&nbsp;Free Alongside Ship&nbsp;\u2013 Franco le long du navire<\/em><\/li>\n<li><em>FOB&nbsp;\u2013&nbsp;Free On Board&nbsp;\u2013&nbsp;Franco \u00e0 bord<\/em><\/li>\n<li><em>CFR&nbsp;\u2013&nbsp;Cost and FReight&nbsp;\u2013 Co\u00fbt et Fret<\/em><\/li>\n<li><em>CIF&nbsp;\u2013&nbsp;Cost, Insurance and Freight&nbsp;\u2013 Co\u00fbt, assurance et fret<\/em><\/li>\n<\/ul>\n<p><em><br>LE DAT DEVIENT DPU (DELIVERED AT PLACE UNLOADED)<\/em><\/p>\n<p><em>L\u2019Incoterm DAT (Delivred at Terminal) s\u2019\u00e9tend et devient le DPU (Deliverd at Place Unloaded). Le lieu de destination peut \u00eatre n\u2019importe quel lieu et il est possible qui il n&rsquo;est pas&nbsp; un terminal. Cependant si le lieu n\u2019est pas un terminal, le vendeur doit v\u00e9rifier que le lieu o\u00f9 il est pr\u00e9vu de livrer la marchandise est un endroit o\u00f9 il est en mesure de d\u00e9charger les produits.<\/em><\/p>\n<p><em>&nbsp;<\/em><\/p>\n<p><em>\u00c9VOLUTION DU FCA AVEC UNE OPTION CONNAISSEMENT \u00c0 BORD<\/em><\/p>\n<p><em>&nbsp;<\/em><\/p>\n<p><em>un autre&nbsp; \u00e9volution des Incoterms 2020 pr\u00e9voit une \u00e9volution pour la r\u00e8gle FCA avec une option Connaissement \u00e0 Bord.&nbsp; Une option du FCA en cas de paiement via une s\u00e9curit\u00e9 bancaire : l\u2019acheteur et le vendeur peuvent convenir que l\u2019acheteur doit donner l\u2019instruction \u00e0 son transporteur de fournir au vendeur le connaissement comportant la mention de mise \u00e0 bord apr\u00e8s le chargement des marchandises. Le vendeur \u00e9tant ensuite oblig\u00e9 de d\u00e9poser ce connaissement aupr\u00e8s de son institution financi\u00e8re \u00e0 l\u2019intention de l\u2019acheteur.<\/em><\/p>\n<h2><em>FCA, DAP, DPU ET DDP&nbsp;: TRANSPORT AVEC LES PROPRES MOYENS DU VENDEUR OU DE L\u2019ACHETEUR<\/em><\/h2>\n<p><em>&nbsp;<\/em><\/p>\n<p><em>&nbsp;<\/em><\/p>\n<p><em>&nbsp;<\/em><\/p>\n<p><em>un autre chengement dans la version 2020 introduit la notion de transport pour compte propre. Le vendeur ou un acheteur peut utiliser ses propres moyens de transport pour acheminer les marchandises sans forc\u00e9ment faire appel \u00e0 un professionnel du transport.<\/em><\/p>\n<p><em>&nbsp;<\/em><\/p>\n<h2><em>ASSURANCE INCOTERMS CIP ET CIF<\/em><\/h2>\n<p><em>&nbsp;<\/em><\/p>\n<p><em>&nbsp;<\/em><\/p>\n<p><em>Concernant l\u2019assurance transport, les Incoterms 2020 font une diff\u00e9rence en mati\u00e8re de couverture. L\u2019Incoterm CIP impose une couverture tous risques alors que le CIF exige une couverture minimale (garantie \u00ab FAP sauf \u00bb). L\u2019assurance couvre toujours au minimum 110 % de la valeur factur\u00e9e.<\/em><\/p>\n<h2><i>RENDRE DES INCOTERMS PLUS SIMPLE<\/i><br><\/h2>\n<p><em>L\u2019un des objectifs majeurs de cette r\u00e9vision est de rendre les r\u00e8gles plus compr\u00e9hensives afin de faciliter son utilization .<\/em><em> version 2020 inclut d\u00e9sormais des instructions d\u00e9taill\u00e9es pour choisir la r\u00e8gle des Incoterms la plus appropri\u00e9e \u00e0 la transaction<\/em><\/p>\t\t\t\t\t\t<\/div>\n\t\t\t\t<\/div>\n\t\t\t\t\t<\/div>\n\t\t<\/div>\n\t\t\t\t\t\t\t<\/div>\n\t\t<\/section>\n\t\t\t\t\t\t<\/div>\n\t\t\t\t\t<\/div>\n\t\t","protected":false},"excerpt":{"rendered":"<p>incotermes Les incotermes : Neuf ans apr\u00e8s la version 2010, la Chambre de Commerce Internationale (ICC) lan\u00e7ait par le biais d\u2019un communiqu\u00e9 de presse le 10 septembre 2019 la nouvelle \u00e9dition des Incoterms 2020. Cette mise \u00e0 jour entrera en vigueur le 1er&nbsp;janvier 2020. Contrairement aux \u00e9ditions pr\u00e9c\u00e9dentes, la version 2020 ne contient pas d\u2019\u00e9volution [&hellip;]<\/p>\n","protected":false},"author":1,"featured_media":0,"parent":0,"menu_order":0,"comment_status":"closed","ping_status":"closed","template":"","meta":{"_monsterinsights_skip_tracking":false,"_monsterinsights_sitenote_active":false,"_monsterinsights_sitenote_note":"","_monsterinsights_sitenote_category":0},"_links":{"self":[{"href":"https:\/\/cadforwarding.com\/fr\/wp-json\/wp\/v2\/pages\/481"}],"collection":[{"href":"https:\/\/cadforwarding.com\/fr\/wp-json\/wp\/v2\/pages"}],"about":[{"href":"https:\/\/cadforwarding.com\/fr\/wp-json\/wp\/v2\/types\/page"}],"author":[{"embeddable":true,"href":"https:\/\/cadforwarding.com\/fr\/wp-json\/wp\/v2\/users\/1"}],"replies":[{"embeddable":true,"href":"https:\/\/cadforwarding.com\/fr\/wp-json\/wp\/v2\/comments?post=481"}],"version-history":[{"count":4,"href":"https:\/\/cadforwarding.com\/fr\/wp-json\/wp\/v2\/pages\/481\/revisions"}],"predecessor-version":[{"id":910,"href":"https:\/\/cadforwarding.com\/fr\/wp-json\/wp\/v2\/pages\/481\/revisions\/910"}],"wp:attachment":[{"href":"https:\/\/cadforwarding.com\/fr\/wp-json\/wp\/v2\/media?parent=481"}],"curies":[{"name":"wp","href":"https:\/\/api.w.org\/{rel}","templated":true}]}}