{"id":489,"date":"2020-12-07T08:27:38","date_gmt":"2020-12-07T08:27:38","guid":{"rendered":"http:\/\/cadforwarding.com\/apropos-de-cad\/"},"modified":"2021-03-07T12:18:36","modified_gmt":"2021-03-07T12:18:36","slug":"apropos-de-cad","status":"publish","type":"page","link":"https:\/\/cadforwarding.com\/fr\/apropos-de-cad\/","title":{"rendered":"\u00c0propos de cad"},"content":{"rendered":"\t\t<div data-elementor-type=\"wp-page\" data-elementor-id=\"489\" class=\"elementor elementor-489 elementor-2\" data-elementor-settings=\"[]\">\n\t\t\t\t\t\t\t<div class=\"elementor-section-wrap\">\n\t\t\t\t\t\t\t<header class=\"elementor-section elementor-top-section elementor-element elementor-element-d65b8de elementor-section-height-min-height elementor-section-boxed elementor-section-height-default elementor-section-items-middle\" data-id=\"d65b8de\" data-element_type=\"section\" data-settings=\"{&quot;background_background&quot;:&quot;classic&quot;}\">\n\t\t\t\t\t\t\t<div class=\"elementor-background-overlay\"><\/div>\n\t\t\t\t\t\t\t<div class=\"elementor-container elementor-column-gap-default\">\n\t\t\t\t\t<div class=\"elementor-column elementor-col-100 elementor-top-column elementor-element elementor-element-a8d8c8e\" data-id=\"a8d8c8e\" data-element_type=\"column\">\n\t\t\t<div class=\"elementor-widget-wrap elementor-element-populated\">\n\t\t\t\t\t\t\t\t<div class=\"elementor-element elementor-element-e371e92 elementor-widget elementor-widget-heading\" data-id=\"e371e92\" data-element_type=\"widget\" data-widget_type=\"heading.default\">\n\t\t\t\t<div class=\"elementor-widget-container\">\n\t\t\t<h1 class=\"elementor-heading-title elementor-size-default\">\u00c0 PROPOS DE NOUS<\/h1>\t\t<\/div>\n\t\t\t\t<\/div>\n\t\t\t\t\t<\/div>\n\t\t<\/div>\n\t\t\t\t\t\t\t<\/div>\n\t\t<\/header>\n\t\t\t\t<section class=\"elementor-section elementor-top-section elementor-element elementor-element-69ef8f58 elementor-section-full_width elementor-section-height-default elementor-section-height-default\" data-id=\"69ef8f58\" data-element_type=\"section\" data-settings=\"{&quot;background_background&quot;:&quot;classic&quot;}\">\n\t\t\t\t\t\t<div class=\"elementor-container elementor-column-gap-default\">\n\t\t\t\t\t<div class=\"elementor-column elementor-col-100 elementor-top-column elementor-element elementor-element-4cea470\" data-id=\"4cea470\" data-element_type=\"column\">\n\t\t\t<div class=\"elementor-widget-wrap elementor-element-populated\">\n\t\t\t\t\t\t\t\t<section class=\"elementor-section elementor-inner-section elementor-element elementor-element-1cb32ffd elementor-section-boxed elementor-section-height-default elementor-section-height-default\" data-id=\"1cb32ffd\" data-element_type=\"section\">\n\t\t\t\t\t\t<div class=\"elementor-container elementor-column-gap-default\">\n\t\t\t\t\t<div class=\"elementor-column elementor-col-50 elementor-inner-column elementor-element elementor-element-6f51b676\" data-id=\"6f51b676\" data-element_type=\"column\">\n\t\t\t<div class=\"elementor-widget-wrap elementor-element-populated\">\n\t\t\t\t\t\t\t\t<div class=\"elementor-element elementor-element-1108fe42 elementor-widget elementor-widget-heading\" data-id=\"1108fe42\" data-element_type=\"widget\" data-widget_type=\"heading.default\">\n\t\t\t\t<div class=\"elementor-widget-container\">\n\t\t\t<h3 class=\"elementor-heading-title elementor-size-default\">Pourquoi vous nous choisissez ?<\/h3>\t\t<\/div>\n\t\t\t\t<\/div>\n\t\t\t\t<div class=\"elementor-element elementor-element-7d2ce995 elementor-widget-divider--view-line elementor-widget elementor-widget-divider\" data-id=\"7d2ce995\" data-element_type=\"widget\" data-widget_type=\"divider.default\">\n\t\t\t\t<div class=\"elementor-widget-container\">\n\t\t\t\t\t<div class=\"elementor-divider\">\n\t\t\t<span class=\"elementor-divider-separator\">\n\t\t\t\t\t\t<\/span>\n\t\t<\/div>\n\t\t\t\t<\/div>\n\t\t\t\t<\/div>\n\t\t\t\t<div class=\"elementor-element elementor-element-3f2502dd elementor-widget elementor-widget-text-editor\" data-id=\"3f2502dd\" data-element_type=\"widget\" data-widget_type=\"text-editor.default\">\n\t\t\t\t<div class=\"elementor-widget-container\">\n\t\t\t\t\t\t\t\t<p>CAD est une soci\u00e9t\u00e9 de transport international qui peut fournir des<br \/>\nservices de fret a\u00e9rien, de fret maritime, de fret terrestre et de<br \/>\nd\u00e9douanement au Canada .<br \/>\nnous sommes fiers de pouvoir fournir un service VIP et co\u00fbt-efficacit\u00e9 en<br \/>\ntant que un transitaire professionnel au Canada.<br \/>\nNotre vision est de cr\u00e9er un partenaire chez chaque client en s\u2019adaptant<br \/>\n\u00e0 ses besoins<br \/>\nCAD Global Freight Forwarding Co vous soutient avec une couverture<br \/>\nmondiale et rester comp\u00e9titif dans les prix et les services.<\/p>\n\t\t\t\t\t\t<\/div>\n\t\t\t\t<\/div>\n\t\t\t\t<div class=\"elementor-element elementor-element-3cd2becf elementor-align-left elementor-invisible elementor-widget elementor-widget-button\" data-id=\"3cd2becf\" data-element_type=\"widget\" data-settings=\"{&quot;_animation&quot;:&quot;fadeInUp&quot;}\" data-widget_type=\"button.default\">\n\t\t\t\t<div class=\"elementor-widget-container\">\n\t\t\t\t\t<div class=\"elementor-button-wrapper\">\n\t\t\t<a href=\"http:\/\/cadforwarding.com\/fr\/services-fr\/\" class=\"elementor-button-link elementor-button elementor-size-sm\" role=\"button\">\n\t\t\t\t\t\t<span class=\"elementor-button-content-wrapper\">\n\t\t\t\t\t\t<span class=\"elementor-button-text\">Nos services<\/span>\n\t\t<\/span>\n\t\t\t\t\t<\/a>\n\t\t<\/div>\n\t\t\t\t<\/div>\n\t\t\t\t<\/div>\n\t\t\t\t\t<\/div>\n\t\t<\/div>\n\t\t\t\t<div class=\"elementor-column elementor-col-50 elementor-inner-column elementor-element elementor-element-2e392c80\" data-id=\"2e392c80\" data-element_type=\"column\">\n\t\t\t<div class=\"elementor-widget-wrap elementor-element-populated\">\n\t\t\t\t\t\t\t\t<div class=\"elementor-element elementor-element-15e3985 elementor-widget elementor-widget-image\" data-id=\"15e3985\" data-element_type=\"widget\" data-widget_type=\"image.default\">\n\t\t\t\t<div class=\"elementor-widget-container\">\n\t\t\t\t\t\t\t\t\t\t\t\t\t\t\t<img width=\"800\" height=\"534\" src=\"https:\/\/cadforwarding.com\/wp-content\/uploads\/2020\/11\/photo-of-people-doing-handshakes-3183197-1024x683.jpg\" class=\"attachment-large size-large\" alt=\"\" loading=\"lazy\" srcset=\"https:\/\/cadforwarding.com\/wp-content\/uploads\/2020\/11\/photo-of-people-doing-handshakes-3183197-1024x683.jpg 1024w, https:\/\/cadforwarding.com\/wp-content\/uploads\/2020\/11\/photo-of-people-doing-handshakes-3183197-300x200.jpg 300w, https:\/\/cadforwarding.com\/wp-content\/uploads\/2020\/11\/photo-of-people-doing-handshakes-3183197-768x512.jpg 768w, https:\/\/cadforwarding.com\/wp-content\/uploads\/2020\/11\/photo-of-people-doing-handshakes-3183197-1536x1025.jpg 1536w, https:\/\/cadforwarding.com\/wp-content\/uploads\/2020\/11\/photo-of-people-doing-handshakes-3183197.jpg 1920w\" sizes=\"(max-width: 800px) 100vw, 800px\" \/>\t\t\t\t\t\t\t\t\t\t\t\t\t\t\t<\/div>\n\t\t\t\t<\/div>\n\t\t\t\t\t<\/div>\n\t\t<\/div>\n\t\t\t\t\t\t\t<\/div>\n\t\t<\/section>\n\t\t\t\t\t<\/div>\n\t\t<\/div>\n\t\t\t\t\t\t\t<\/div>\n\t\t<\/section>\n\t\t\t\t\t\t<\/div>\n\t\t\t\t\t<\/div>\n\t\t","protected":false},"excerpt":{"rendered":"<p>\u00c0 PROPOS DE NOUS Pourquoi vous nous choisissez ? CAD est une soci\u00e9t\u00e9 de transport international qui peut fournir des services de fret a\u00e9rien, de fret maritime, de fret terrestre et de d\u00e9douanement au Canada . nous sommes fiers de pouvoir fournir un service VIP et co\u00fbt-efficacit\u00e9 en tant que un transitaire professionnel au Canada. [&hellip;]<\/p>\n","protected":false},"author":1,"featured_media":0,"parent":0,"menu_order":0,"comment_status":"closed","ping_status":"open","template":"","meta":{"_monsterinsights_skip_tracking":false,"_monsterinsights_sitenote_active":false,"_monsterinsights_sitenote_note":"","_monsterinsights_sitenote_category":0},"_links":{"self":[{"href":"https:\/\/cadforwarding.com\/fr\/wp-json\/wp\/v2\/pages\/489"}],"collection":[{"href":"https:\/\/cadforwarding.com\/fr\/wp-json\/wp\/v2\/pages"}],"about":[{"href":"https:\/\/cadforwarding.com\/fr\/wp-json\/wp\/v2\/types\/page"}],"author":[{"embeddable":true,"href":"https:\/\/cadforwarding.com\/fr\/wp-json\/wp\/v2\/users\/1"}],"replies":[{"embeddable":true,"href":"https:\/\/cadforwarding.com\/fr\/wp-json\/wp\/v2\/comments?post=489"}],"version-history":[{"count":9,"href":"https:\/\/cadforwarding.com\/fr\/wp-json\/wp\/v2\/pages\/489\/revisions"}],"predecessor-version":[{"id":981,"href":"https:\/\/cadforwarding.com\/fr\/wp-json\/wp\/v2\/pages\/489\/revisions\/981"}],"wp:attachment":[{"href":"https:\/\/cadforwarding.com\/fr\/wp-json\/wp\/v2\/media?parent=489"}],"curies":[{"name":"wp","href":"https:\/\/api.w.org\/{rel}","templated":true}]}}